{"id":11577,"date":"2017-05-04T14:22:13","date_gmt":"2017-05-04T12:22:13","guid":{"rendered":"https:\/\/stabimer.ee\/fasadnie_raboti\/"},"modified":"2023-10-14T17:37:47","modified_gmt":"2023-10-14T14:37:47","slug":"fasadnie_raboti","status":"publish","type":"page","link":"https:\/\/stabimer.ee\/et\/fasadnie_raboti\/","title":{"rendered":"FASSAADIT\u00d6\u00d6D"},"content":{"rendered":"<div class=\"wpb-content-wrapper\"><p>[vc_row css_animation_repeat=&#8221;show_video&#8221; extend=&#8221;true&#8221; live_background_shapes_preset=&#8221;preset1&#8243; live_background_shapes_size=&#8221;small&#8221; live_background_shapes_speed=&#8221;slow&#8221; live_background_opacity=&#8221;60&#8243; clean_margin=&#8221;&#8221; clean_padding=&#8221;&#8221; content_placement=&#8221;&#8221; design__empty_1=&#8221;&#8221; background=&#8221;color&#8221; background_image_type=&#8221;static&#8221; background_image__effect=&#8221;&#8221; bg_size=&#8221;initial&#8221; bg_position=&#8221;center-center&#8221; row_bg_image=&#8221;&#8221; bg_repeat=&#8221;no-repeat&#8221; background_image_type__bg_color=&#8221;rgba(255, 255, 255, 1)&#8221; row_bg_parallax_images=&#8221;&#8221; row_bg_slideshow_images=&#8221;&#8221; background_video_type=&#8221;youtube&#8221; background_video__youtube__url=&#8221;&#8221; background_video__youtube__parallax=&#8221;&#8221; background_video__youtube__options=&#8221;&#8221; background_video__youtube__fallback_image=&#8221;&#8221; background_video__hosted__mp4=&#8221;&#8221; background_video__hosted__webm=&#8221;&#8221; background_video__hosted__ogv=&#8221;&#8221; background_video__hosted__parallax=&#8221;&#8221; background_video__hosted__options=&#8221;&#8221; background_video__hosted__fallback_image=&#8221;&#8221; background_color_type=&#8221;color&#8221; bg__empty_1=&#8221;&#8221; background_color_type__gradient_color1=&#8221;rgba(44, 74, 228, 1)&#8221; background_color_type__gradient_color2=&#8221;rgba(44, 74, 228, 1)&#8221; background_color_type__color_color1=&#8221;rgba(255, 255, 255, 0.7)&#8221; bg__empty_2=&#8221;&#8221; background_color__effect=&#8221;&#8221; background_color__direction=&#8221;left-to-right&#8221; undefined=&#8221;&#8221; settings__tag_1=&#8221;&#8221; viewport_lg=&#8221;&#8221; viewport_md=&#8221;&#8221; viewport_sm=&#8221;&#8221; viewport_xs=&#8221;&#8221; settings__empty_1=&#8221;&#8221; version=&#8221;1&#8243;][vc_column extend=&#8221;false&#8221;][vc_column_text]<span style=\"color: #f7f7f7;\"><strong>Fassaadide soojustamine ja renoveerimine erinevate materjalidega<\/strong><\/span><br \/>\n<span style=\"color: #f7f7f7;\"><strong>Majade \u00f5ige soojustamine on t\u00f5eline teadus, mis lisaks k\u00fctte arvelt s\u00e4\u00e4stmisele ja mikrokliima parandamisele tagab ka teie elamu pikaealisuse. Meie suure kogemuste pagasiga spetsialistid pakuvad kvaliteetset fassaadide renoveerimise teenust m\u00f5istliku ajaga, j\u00e4rgides rangelt t\u00f6\u00f6de tehnoloogiaid ja kasutades Euroopa kvaliteedisertifikaadiga materjale. Samuti aitame teil valida maja jaoks sobivaima materjali, komplekteerida k\u00f5ik vajalikud elemendid fassaadi \u00f5igeks soojustamiseks ja teeme k\u00f5ik, et j\u00e4\u00e4ksite rahule nii oma uue maja kui meie teenusega.<\/strong><\/span><\/p>\n<p><span style=\"color: #f7f7f7;\"><strong>Erinevate materjalidega fassaadide soojustamine ja renoveerimine sisaldab j\u00e4rgmisi t\u00f6id:<\/strong><\/span><br \/>\n<span style=\"color: #f7f7f7;\">\u2022 <strong>spetsialisti v\u00e4ljas\u00f5itmine objektile<\/strong> (objekti \u00fclevaatamine ja m\u00f5\u00f5tmine, materjalide ja ehitus- ning remondit\u00f6\u00f6de etappide alane n\u00f5ustamine);<\/span><br \/>\n<span style=\"color: #f7f7f7;\">\u2022 <strong>\u00fcksikasjaliku eelarve koostamine<\/strong> (tingimuste koosk\u00f5lastamine, lepingu allkirjastamine);<\/span><br \/>\n<span style=\"color: #f7f7f7;\">\u2022 <strong>ehitusmaterjalide ja -tehnika tellimine ning objektile kohaletoimetamine<\/strong> (oma transpordivahendiga);<\/span><br \/>\n<span style=\"color: #f7f7f7;\">\u2022 <strong>tellingute paigaldamine<\/strong> (t\u00f5stuk jne);<\/span><br \/>\n<span style=\"color: #f7f7f7;\">\u2022 <strong>soojusisolatsioonimaterjali paigaldamine<\/strong> (vahtplast, mineraalvatt jne);<\/span><br \/>\n<span style=\"color: #f7f7f7;\">\u2022 <strong>Marmorok fassaadis\u00fcsteem<\/strong> (ventileeritav fassaadis\u00fcsteem);<\/span><br \/>\n<span style=\"color: #f7f7f7;\">\u2022<strong> ehitusprahi pealelaadimine ja \u00e4ravedu<\/strong> (oma transpordivahendiga);<\/span><br \/>\n<span style=\"color: #f7f7f7;\">\u2022 <strong>juuresoleva territooriumi t\u00f6\u00f6dej\u00e4rgne korrastamine<\/strong> (omal j\u00f5ul);<\/span><br \/>\n<span style=\"color: #f7f7f7;\">\u2022 <strong>teie maja fassaadi soojustamine ja renoveerimine on kvaliteetselt, t\u00e4pselt ja \u00f5igeaegselt l\u00f5pule viidud.<\/strong><\/span><\/p>\n<p><span style=\"color: #f7f7f7;\"><strong>Lisateenused:<\/strong><\/span><br \/>\n<span style=\"color: #f7f7f7;\">&#8211; <strong>ventilatsioonis\u00fcsteem<\/strong> (soojustagastusega sissepuhke- ja v\u00e4ljat\u00f5mbes\u00fcsteem, loomulik ventilatsioon jne);<\/span><br \/>\n<span style=\"color: #f7f7f7;\">&#8211; <strong>konditsioneeride monteerimine ja paigaldamine<\/strong> (split-s\u00fcsteem);<\/span><br \/>\n<span style=\"color: #f7f7f7;\">&#8211; <strong>fassaadi kunstvalgustus<\/strong> (LED valgustid, projektorid jne).<\/span><\/p>\n<p><span style=\"color: #f7f7f7;\"><strong>Professionaalide n\u00f5uanne:<\/strong><\/span><br \/>\n<span style=\"color: #f7f7f7;\">Fassaadi puhul on \u00e4\u00e4rmiselt oluline valitud materjali otstarbekus, mis tagab teie kulude ja valiku efektiivsuse m\u00f5istliku tasakaalu.<\/span><\/p>\n<p><span style=\"color: #f7f7f7;\"><strong>Kui te soovite, et teil oleks ilus ja soe maja, p\u00f6\u00f6rduge meie ettev\u00f5tte spetsialistide poole!<\/strong><\/span>[\/vc_column_text][\/vc_column][\/vc_row][vc_row][vc_column extend=&#8221;false&#8221;][vc_empty_space height=&#8221;20&#8243;][\/vc_column][\/vc_row]<\/p>\n<\/div>","protected":false},"excerpt":{"rendered":"<p>[vc_row css_animation_repeat=&#8221;show_video&#8221; extend=&#8221;true&#8221; live_background_shapes_preset=&#8221;preset1&#8243; live_background_shapes_size=&#8221;small&#8221; live_background_shapes_speed=&#8221;slow&#8221; live_background_opacity=&#8221;60&#8243; clean_margin=&#8221;&#8221; clean_padding=&#8221;&#8221; content_placement=&#8221;&#8221; design__empty_1=&#8221;&#8221; background=&#8221;color&#8221; background_image_type=&#8221;static&#8221; background_image__effect=&#8221;&#8221; bg_size=&#8221;initial&#8221; bg_position=&#8221;center-center&#8221; row_bg_image=&#8221;&#8221; bg_repeat=&#8221;no-repeat&#8221; background_image_type__bg_color=&#8221;rgba(255, 255, 255, 1)&#8221; row_bg_parallax_images=&#8221;&#8221; row_bg_slideshow_images=&#8221;&#8221; background_video_type=&#8221;youtube&#8221; background_video__youtube__url=&#8221;&#8221; background_video__youtube__parallax=&#8221;&#8221; background_video__youtube__options=&#8221;&#8221; background_video__youtube__fallback_image=&#8221;&#8221; background_video__hosted__mp4=&#8221;&#8221; [&hellip;]<\/p>\n","protected":false},"author":1,"featured_media":0,"parent":0,"menu_order":0,"comment_status":"closed","ping_status":"closed","template":"","meta":{"footnotes":""},"_links":{"self":[{"href":"https:\/\/stabimer.ee\/et\/wp-json\/wp\/v2\/pages\/11577"}],"collection":[{"href":"https:\/\/stabimer.ee\/et\/wp-json\/wp\/v2\/pages"}],"about":[{"href":"https:\/\/stabimer.ee\/et\/wp-json\/wp\/v2\/types\/page"}],"author":[{"embeddable":true,"href":"https:\/\/stabimer.ee\/et\/wp-json\/wp\/v2\/users\/1"}],"replies":[{"embeddable":true,"href":"https:\/\/stabimer.ee\/et\/wp-json\/wp\/v2\/comments?post=11577"}],"version-history":[{"count":5,"href":"https:\/\/stabimer.ee\/et\/wp-json\/wp\/v2\/pages\/11577\/revisions"}],"predecessor-version":[{"id":12010,"href":"https:\/\/stabimer.ee\/et\/wp-json\/wp\/v2\/pages\/11577\/revisions\/12010"}],"wp:attachment":[{"href":"https:\/\/stabimer.ee\/et\/wp-json\/wp\/v2\/media?parent=11577"}],"curies":[{"name":"wp","href":"https:\/\/api.w.org\/{rel}","templated":true}]}}