{"id":11565,"date":"2017-05-04T16:08:37","date_gmt":"2017-05-04T14:08:37","guid":{"rendered":"https:\/\/stabimer.ee\/remont_kvartir\/"},"modified":"2023-10-14T17:37:10","modified_gmt":"2023-10-14T14:37:10","slug":"remont_kvartir","status":"publish","type":"page","link":"https:\/\/stabimer.ee\/et\/remont_kvartir\/","title":{"rendered":"KORTERI (MAJA) REMONT"},"content":{"rendered":"<div class=\"wpb-content-wrapper\"><p>[vc_row css_animation_repeat=&#8221;show_video&#8221; extend=&#8221;true&#8221; live_background_shapes_preset=&#8221;preset1&#8243; live_background_shapes_size=&#8221;small&#8221; live_background_shapes_speed=&#8221;slow&#8221; live_background_opacity=&#8221;60&#8243; clean_margin=&#8221;&#8221; clean_padding=&#8221;&#8221; content_placement=&#8221;&#8221; design__empty_1=&#8221;&#8221; background=&#8221;color&#8221; background_image_type=&#8221;static&#8221; background_image__effect=&#8221;&#8221; bg_size=&#8221;initial&#8221; bg_position=&#8221;center-center&#8221; row_bg_image=&#8221;&#8221; bg_repeat=&#8221;no-repeat&#8221; background_image_type__bg_color=&#8221;rgba(255, 255, 255, 1)&#8221; row_bg_parallax_images=&#8221;&#8221; row_bg_slideshow_images=&#8221;&#8221; background_video_type=&#8221;youtube&#8221; background_video__youtube__url=&#8221;&#8221; background_video__youtube__parallax=&#8221;&#8221; background_video__youtube__options=&#8221;&#8221; background_video__youtube__fallback_image=&#8221;&#8221; background_video__hosted__mp4=&#8221;&#8221; background_video__hosted__webm=&#8221;&#8221; background_video__hosted__ogv=&#8221;&#8221; background_video__hosted__parallax=&#8221;&#8221; background_video__hosted__options=&#8221;&#8221; background_video__hosted__fallback_image=&#8221;&#8221; background_color_type=&#8221;color&#8221; bg__empty_1=&#8221;&#8221; background_color_type__gradient_color1=&#8221;rgba(44, 74, 228, 1)&#8221; background_color_type__gradient_color2=&#8221;rgba(44, 74, 228, 1)&#8221; background_color_type__color_color1=&#8221;rgba(255, 255, 255, 0.7)&#8221; bg__empty_2=&#8221;&#8221; background_color__effect=&#8221;&#8221; background_color__direction=&#8221;left-to-right&#8221; undefined=&#8221;&#8221; settings__tag_1=&#8221;&#8221; viewport_lg=&#8221;&#8221; viewport_md=&#8221;&#8221; viewport_sm=&#8221;&#8221; viewport_xs=&#8221;&#8221; settings__empty_1=&#8221;&#8221; version=&#8221;1&#8243;][vc_column extend=&#8221;false&#8221;][vc_column_text]<span style=\"color: #f7f7f7;\"><strong>Stabimer Ehitus O\u00dc pakub mitmesuguseid ehitusteenuseid alates v\u00e4iksemat sorti korteri (maja) olmeremondist ja \u00fcksikutest ehitust\u00f6\u00f6dest kuni \u201ev\u00f5tmed k\u00e4tte\u201c lahenduseni. Teeme k\u00f5iki vajalikke ehitus- ja viimistlust\u00f6id nii uusehitistes kui ka j\u00e4relturu korterites (majades) ametliku lepingu alusel ja kokkulepitud eelarve j\u00e4rgi. V\u00f5tame meelsasti k\u00f5ik teie elamu kvaliteetse remondi korraldamisega seotud k\u00fcsimused enda kanda.<\/strong><\/span><\/p>\n<p><span style=\"color: #f7f7f7;\"><strong>Korteri (maja) t\u00e4isremont sisaldab j\u00e4rgmisi t\u00f6id:<\/strong><\/span><br \/>\n<span style=\"color: #f7f7f7;\">\u2022 <strong>spetsialisti v\u00e4ljas\u00f5itmine objektile<\/strong> (objekti \u00fclevaatamine ja m\u00f5\u00f5tmine, materjalide ja ehitus- ning remondit\u00f6\u00f6de etappide alane n\u00f5ustamine);<\/span><br \/>\n<span style=\"color: #f7f7f7;\">\u2022<strong> \u00fcksikasjaliku eelarve koostamine<\/strong> (tingimuste koosk\u00f5lastamine, lepingu allkirjastamine);<\/span><br \/>\n<span style=\"color: #f7f7f7;\">\u2022 <strong>ehitusmaterjalide ja -tehnika tellimine ning objektile kohaletoimetamine<\/strong> (oma transpordivahendiga);<\/span><br \/>\n<span style=\"color: #f7f7f7;\">\u2022 <strong>demonteerimine<\/strong> (vaheseinad, p\u00f5randad, laed, trepid, aknad, uksed, sanitaartehnika, vanad plaadid jne);<\/span><br \/>\n<span style=\"color: #f7f7f7;\">\u2022 <strong>lagede paigaldamine<\/strong> (ripplaed, pinglaed, kipsplaadist mitmetasandilised laed jne);<\/span><br \/>\n<span style=\"color: #f7f7f7;\">\u2022<strong> vaheseinte paigaldamine<\/strong> (seinte tasandamine, v\u00e4rvimine v\u00f5i tapeetimine jne);<\/span><br \/>\n<span style=\"color: #f7f7f7;\">\u2022 <strong>uste, akende ja aknalaudade paigaldamine<\/strong> (uksep\u00f5skede viimistlemine jne);<\/span><br \/>\n<span style=\"color: #f7f7f7;\">\u2022 <strong>sauna, kamina jmt renoveerimine v\u00f5i uue ehitamine;<\/strong><\/span><br \/>\n<span style=\"color: #f7f7f7;\">\u2022 <strong>sanitaartehnika ja elektriseadmete vahetamine<\/strong> (radiaatorite vahetamine, k\u00fclma ja kuuma vee lahutamine, r\u00e4tikukuivatite, segistite, kraanide, veearvestite, vanni, du\u0161ikabiini, mullivanni, bidee, WC-poti, kanalisatsiooni paigaldamine jpm);<\/span><br \/>\n<span style=\"color: #f7f7f7;\">\u2022 <strong>elektriseadmete paigaldamine<\/strong> (pistikupesad, l\u00fclitid, n\u00f5udepesumasinad, pesumasinad, elektripliidid jne);<\/span><br \/>\n<span style=\"color: #f7f7f7;\">\u2022 <strong>p\u00f5randat\u00f6\u00f6d<\/strong> (tasandamine, plaadi, laminaadi, parketi, linoleumi, vaipkatte panemine, soojustamine, p\u00f5randaliistude paigaldamine jne);<\/span><br \/>\n<span style=\"color: #f7f7f7;\">\u2022 <strong>ventilatsioonis\u00fcsteem<\/strong> (lokaalne, t\u00f5mbe-, sissevooluventilatsioon jne);<\/span><br \/>\n<span style=\"color: #f7f7f7;\">\u2022 <strong>ehitusprahi pealelaadimine ja \u00e4ravedamine<\/strong> (oma transpordivahendiga);<\/span><br \/>\n<span style=\"color: #f7f7f7;\">\u2022 <strong>remondij\u00e4rgne ruumi koristamine<\/strong> (omal j\u00f5ul);<\/span><br \/>\n<span style=\"color: #f7f7f7;\">\u2022<strong> teie korteri v\u00f5i maja remont on kvaliteetselt ja \u00f5igeaegselt l\u00f5pule viidud.<\/strong><\/span><\/p>\n<p><span style=\"color: #f7f7f7;\"><strong>Lisateenused: <\/strong><\/span><br \/>\n<span style=\"color: #f7f7f7;\"><strong>&#8211; tulet\u00f5rjesignalisatsiooni paigaldamine;<\/strong><\/span><br \/>\n<span style=\"color: #f7f7f7;\"><strong>&#8211; videoj\u00e4lgimise s\u00fcsteemi paigaldamine;<\/strong><\/span><br \/>\n<span style=\"color: #f7f7f7;\"><strong>&#8211; valvesignalisatsiooni paigaldamine (monteerimine).<\/strong><\/span><\/p>\n<p><span style=\"color: #f7f7f7;\"><strong>Meie ehitajate meeskond t\u00f6\u00f6tab Eesti turul aastast 1996. Selle aja jooksul on nad kogunud m\u00e4rkimisv\u00e4\u00e4rse kogemuste pagasi, millest annab m\u00e4rku suur hulk kvaliteetselt l\u00f5pule viidud projekte. Korteri (maja) remontimisel kasutatakse ehitustehnika ja -seadmete valdkonna uusimaid saavutusi, mis v\u00f5imaldab v\u00e4hendada nii ehitust\u00f6\u00f6dele kuluvat aega kui ka meie teenuste omahinda.<\/strong><\/span><\/p>\n<p><span style=\"color: #f7f7f7;\"><strong>Professionaalide n\u00f5uanne:<\/strong><\/span><br \/>\n<span style=\"color: #f7f7f7;\"><strong>Korteri<\/strong> (maja)<strong> remontimine omal j\u00f5ul v\u00f5i kasutades &#8220;odavate&#8221; tuttavate spetsialistide abi on keeruline mitte ainult v\u00f5imaliku n\u00e4rvikulu, vaid ka rahulolematute naabrite, m\u00fcra, tolmu, suure aja- ja rahakulu t\u00f5ttu. <\/strong><\/span><\/p>\n<p><span style=\"color: #f7f7f7;\"><strong>Vajalike kogemuste puudumise t\u00f5ttu v\u00f5ite saada ebakvaliteetse tulemuse, mille parandamine n\u00f5uab tihti palju rohkem j\u00f5udu, aega, n\u00e4rve ja loomulikult materiaalseid investeeringuid, kui eelnevalt planeeritud kogu remondi- v\u00f5i ehitust\u00f6\u00f6de maksumus. <\/strong><\/span><\/p>\n<p><span style=\"color: #f7f7f7;\"><strong>Professionaalide palkamise eeliseks on kvaliteetne ja kiire tulemus ning kulude range kontroll.<\/strong><\/span><\/p>\n<p><span style=\"color: #f7f7f7;\"><strong>Meie garanteerime oma klientidele hoolika ja kvaliteetse t\u00f6\u00f6 t\u00e4itmise kokkulepitud t\u00e4htaegadel!<\/strong><\/span>[\/vc_column_text][\/vc_column][\/vc_row][vc_row][vc_column extend=&#8221;false&#8221;][vc_empty_space height=&#8221;20&#8243;][\/vc_column][\/vc_row]<\/p>\n<\/div>","protected":false},"excerpt":{"rendered":"<p>[vc_row css_animation_repeat=&#8221;show_video&#8221; extend=&#8221;true&#8221; live_background_shapes_preset=&#8221;preset1&#8243; live_background_shapes_size=&#8221;small&#8221; live_background_shapes_speed=&#8221;slow&#8221; live_background_opacity=&#8221;60&#8243; clean_margin=&#8221;&#8221; clean_padding=&#8221;&#8221; content_placement=&#8221;&#8221; design__empty_1=&#8221;&#8221; background=&#8221;color&#8221; background_image_type=&#8221;static&#8221; background_image__effect=&#8221;&#8221; bg_size=&#8221;initial&#8221; bg_position=&#8221;center-center&#8221; row_bg_image=&#8221;&#8221; bg_repeat=&#8221;no-repeat&#8221; background_image_type__bg_color=&#8221;rgba(255, 255, 255, 1)&#8221; row_bg_parallax_images=&#8221;&#8221; row_bg_slideshow_images=&#8221;&#8221; background_video_type=&#8221;youtube&#8221; background_video__youtube__url=&#8221;&#8221; background_video__youtube__parallax=&#8221;&#8221; background_video__youtube__options=&#8221;&#8221; background_video__youtube__fallback_image=&#8221;&#8221; background_video__hosted__mp4=&#8221;&#8221; [&hellip;]<\/p>\n","protected":false},"author":1,"featured_media":0,"parent":0,"menu_order":0,"comment_status":"closed","ping_status":"closed","template":"","meta":{"footnotes":""},"_links":{"self":[{"href":"https:\/\/stabimer.ee\/et\/wp-json\/wp\/v2\/pages\/11565"}],"collection":[{"href":"https:\/\/stabimer.ee\/et\/wp-json\/wp\/v2\/pages"}],"about":[{"href":"https:\/\/stabimer.ee\/et\/wp-json\/wp\/v2\/types\/page"}],"author":[{"embeddable":true,"href":"https:\/\/stabimer.ee\/et\/wp-json\/wp\/v2\/users\/1"}],"replies":[{"embeddable":true,"href":"https:\/\/stabimer.ee\/et\/wp-json\/wp\/v2\/comments?post=11565"}],"version-history":[{"count":4,"href":"https:\/\/stabimer.ee\/et\/wp-json\/wp\/v2\/pages\/11565\/revisions"}],"predecessor-version":[{"id":12008,"href":"https:\/\/stabimer.ee\/et\/wp-json\/wp\/v2\/pages\/11565\/revisions\/12008"}],"wp:attachment":[{"href":"https:\/\/stabimer.ee\/et\/wp-json\/wp\/v2\/media?parent=11565"}],"curies":[{"name":"wp","href":"https:\/\/api.w.org\/{rel}","templated":true}]}}