{"id":11564,"date":"2017-05-04T16:06:05","date_gmt":"2017-05-04T14:06:05","guid":{"rendered":"https:\/\/stabimer.ee\/trotuarnaja_plitka\/"},"modified":"2023-10-14T17:37:34","modified_gmt":"2023-10-14T14:37:34","slug":"stroitelstvo_domov","status":"publish","type":"page","link":"https:\/\/stabimer.ee\/et\/stroitelstvo_domov\/","title":{"rendered":"&#8220;V\u00d5TMED K\u00c4TTE&#8221; MAJADE EHITAMINE"},"content":{"rendered":"<div class=\"wpb-content-wrapper\"><p>[vc_row css_animation_repeat=&#8221;show_video&#8221; extend=&#8221;true&#8221; live_background_shapes_preset=&#8221;preset1&#8243; live_background_shapes_size=&#8221;small&#8221; live_background_shapes_speed=&#8221;slow&#8221; live_background_opacity=&#8221;60&#8243; clean_margin=&#8221;&#8221; clean_padding=&#8221;&#8221; content_placement=&#8221;&#8221; design__empty_1=&#8221;&#8221; background=&#8221;color&#8221; background_image_type=&#8221;static&#8221; background_image__effect=&#8221;&#8221; bg_size=&#8221;initial&#8221; bg_position=&#8221;center-center&#8221; row_bg_image=&#8221;&#8221; bg_repeat=&#8221;no-repeat&#8221; background_image_type__bg_color=&#8221;rgba(255, 255, 255, 1)&#8221; row_bg_parallax_images=&#8221;&#8221; row_bg_slideshow_images=&#8221;&#8221; background_video_type=&#8221;youtube&#8221; background_video__youtube__url=&#8221;&#8221; background_video__youtube__parallax=&#8221;&#8221; background_video__youtube__options=&#8221;&#8221; background_video__youtube__fallback_image=&#8221;&#8221; background_video__hosted__mp4=&#8221;&#8221; background_video__hosted__webm=&#8221;&#8221; background_video__hosted__ogv=&#8221;&#8221; background_video__hosted__parallax=&#8221;&#8221; background_video__hosted__options=&#8221;&#8221; background_video__hosted__fallback_image=&#8221;&#8221; background_color_type=&#8221;color&#8221; bg__empty_1=&#8221;&#8221; background_color_type__gradient_color1=&#8221;rgba(44, 74, 228, 1)&#8221; background_color_type__gradient_color2=&#8221;rgba(44, 74, 228, 1)&#8221; background_color_type__color_color1=&#8221;rgba(255, 255, 255, 0.7)&#8221; bg__empty_2=&#8221;&#8221; background_color__effect=&#8221;&#8221; background_color__direction=&#8221;left-to-right&#8221; undefined=&#8221;&#8221; settings__tag_1=&#8221;&#8221; viewport_lg=&#8221;&#8221; viewport_md=&#8221;&#8221; viewport_sm=&#8221;&#8221; viewport_xs=&#8221;&#8221; settings__empty_1=&#8221;&#8221; version=&#8221;1&#8243;][vc_column extend=&#8221;false&#8221;][vc_column_text]<span style=\"color: #f7f7f7;\"><strong>&#8220;V\u00f5tmed k\u00e4tte&#8221; maja puhul on tegemist t\u00e4iskomplektiga, mis sisaldab k\u00f5iki ehitust\u00f6id alates projekti ja \u00fcksikasjaliku eelarve koostamisest kuni l\u00f5plike viimistlust\u00f6\u00f6de, maat\u00fcki heakorrastamise, m\u00f6\u00f6bli paigaldamiseni jne. Selle tulemusena saate sissekolimiseks t\u00e4ielikult valmis oleva maja. Majade ehitamisel j\u00e4rgivad meie spetsialistid rangelt k\u00f5iki kehtivaid ehitusnorme ja ohutustehnika n\u00f5udeid, mis tagab k\u00f5ikide meie ehitatud elamute k\u00f5rged kasutuskarakteristikud.<\/strong><\/span><\/p>\n<p><span style=\"color: #f7f7f7;\"><strong>Maja ehitamine sisaldab j\u00e4rgmisi teenuseid:<\/strong><\/span><\/p>\n<ul>\n<li><span style=\"color: #f7f7f7;\"><strong>spetsialisti v\u00e4ljas\u00f5itmine objektile <\/strong>(objekti\/maat\u00fcki \u00fclevaatamine ja m\u00f5\u00f5tmine, materjalide ning ehitus- ja remondit\u00f6\u00f6de etappide alane n\u00f5ustamine);<\/span><\/li>\n<li><span style=\"color: #f7f7f7;\"><strong>maja optimaalse projekti valimise alane professionaalne n\u00f5ustamine <\/strong>(ehitusmaterjalid jne);<\/span><\/li>\n<li><span style=\"color: #f7f7f7;\"><strong>projekti dokumentatsiooni ettevalmistamine<\/strong> (koosk\u00f5lastamine jne);<\/span><\/li>\n<li><span style=\"color: #f7f7f7;\"><strong>\u00fcksikasjaliku eelarve koostamine <\/strong>(tingimuste koosk\u00f5lastamine, lepingu allkirjastamine);<\/span><\/li>\n<li><span style=\"color: #f7f7f7;\"><strong>ehitusmaterjalide ja -tehnika tellimine ning objektile kohaletoimetamine <\/strong>(oma transpordivahendiga);<\/span><\/li>\n<li><span style=\"color: #f7f7f7;\"><strong>k\u00f5ikide ehitusteenuste osutamine: <\/strong><\/span><\/li>\n<\/ul>\n<p><span style=\"color: #f7f7f7;\"><strong>-hoonestamisele kuuluval maat\u00fckil t\u00f6\u00f6protsessi korraldamine: <\/strong>maat\u00fckile tehnika ligip\u00e4\u00e4su organiseerimine, vee- ja elektrivarustuse juhtimine, t\u00f6\u00f6tajatele ja inseneridele olmeruumi organiseerimine, ajutise aia ehitamine (piirde paigaldamine), materjalide s\u00e4ilitamiseks ajutise katte korraldamine jne;<\/span><\/p>\n<p><span style=\"color: #f7f7f7;\"><strong>-geodeetiline m\u00f5\u00f5distamine ja maat\u00f6\u00f6d<\/strong> (eelnevalt korralikult l\u00e4bim\u00f5eldud projekt minimeerib v\u00e4ljaviidava ja sissetoodava pinnase hulga jne);<\/span><\/p>\n<p><span style=\"color: #f7f7f7;\"><strong>-vundamendi ehitamine vastavalt projektile <\/strong>(lintvundament, monoliitne vundamendi plaat, vaivundament);<\/span><\/p>\n<p><span style=\"color: #f7f7f7;\"><strong>-kommunikatsioonide juhtimine <\/strong>(vesi, kanalisatsioon, elekter, k\u00fcte jne);<\/span><\/p>\n<p><span style=\"color: #f7f7f7;\"><strong>-seinte ladumine vastavalt projektile <\/strong>(tellistest, gaasplokist v\u00f5i keraamilisest plokist jne);<\/span><\/p>\n<p><span style=\"color: #f7f7f7;\"><strong>\u00a0-vahepaneelide betoneerimine vastavalt projektile <\/strong>(tavaliselt kasutame monoliitset vahepaneeli, kuna see on k\u00f5ige vastupidavama ja v\u00f5tab k\u00f5rgust k\u00f5ige v\u00e4hem \u00e4ra);<\/span><\/p>\n<p><span style=\"color: #f7f7f7;\"><strong>-a<\/strong><strong>kende ja uste <\/strong>(v\u00e4ravate) <strong>paigaldamine;<\/strong><\/span><\/p>\n<p><span style=\"color: #f7f7f7;\"><strong>-katuse paigaldamine vastavalt projektile <\/strong>(klient saab sooja ja vastupidava katuse, mis ei leki aastaid);<\/span><\/p>\n<p><span style=\"color: #f7f7f7;\"><strong>-siseviimistluse tegemine vastavalt projektile <\/strong>(tellija soovide j\u00e4rgi);<\/span><\/p>\n<p><span style=\"color: #f7f7f7;\"><strong>-f<\/strong><strong>assaadi soojustamine vastavalt projektile <\/strong>(meie professionaalide praktilised soovitused materjali ja disaini osas);<\/span><\/p>\n<p><span style=\"color: #f7f7f7;\"><strong>Lisateenused:<\/strong><\/span><\/p>\n<ul>\n<li><span style=\"color: #f7f7f7;\"><strong>aia ehitamine<\/strong> (dekoratiivne tellis, sepistuse elementidega metallaed jne);<\/span><\/li>\n<li><span style=\"color: #f7f7f7;\"><strong>automaatsed v\u00e4ravad ja jalgv\u00e4ravad <\/strong>(tiibv\u00e4ravad, liugv\u00e4ravad jne);<\/span><\/li>\n<li><span style=\"color: #f7f7f7;\"><strong>ala<\/strong><strong> heakorrastamine <\/strong>(maastikudisain ja haljastamine, istutusmaterjali valimine, lillepeenarde, muru, iluaia tegemine jne);<\/span><\/li>\n<li><span style=\"color: #f7f7f7;\"><strong>teede ehitamine <\/strong>(looduslik kivi, klinker jne);<\/span><\/li>\n<li><span style=\"color: #f7f7f7;\"><strong>grillimisala ehitamine;<\/strong><\/span><\/li>\n<li><span style=\"color: #f7f7f7;\"><strong>lehtla ehitamine;<\/strong><\/span><\/li>\n<li><span style=\"color: #f7f7f7;\"><strong>autode jaoks varikatuse v\u00f5i garaa\u017ei ehitamine;<\/strong><\/span><\/li>\n<li><span style=\"color: #f7f7f7;\"><strong>eraldiseisva sauna ehitamine<\/strong>;<\/span><\/li>\n<li><span style=\"color: #f7f7f7;\"><strong>maja fassaadi kunstvalgustus <\/strong>(LED valgustus, projektorid jne);<\/span><\/li>\n<li><span style=\"color: #f7f7f7;\"><strong>majavalve <\/strong>(video, signalisatsioon, tulet\u00f5rjesignalisatsioon).<\/span><\/li>\n<\/ul>\n<p><span style=\"color: #f7f7f7;\"><strong>Professionaalide n\u00f5uanne: <\/strong><\/span><\/p>\n<p><span style=\"color: #f7f7f7;\"><strong>Maja ehitamine on keeruline protsess, mis n\u00f5uab teatud teadmisi ja professionaalseid oskusi. Maja on toode, mille kvaliteeti kontrollitakse aastatega. Valides maja ehitamise &#8220;v\u00f5tmed k\u00e4tte&#8221; s\u00fcsteemil, s\u00e4\u00e4state end paljudest kurnavatest ja asjatutest asjaajamistest, kuna need v\u00f5tab enda kanda ehitusfirma. Teie lihtsalt tasute teenuse eest ja m\u00f5ne aja p\u00e4rast kolite oma unistuste majja.<\/strong><\/span><\/p>\n<p><span style=\"color: #f7f7f7;\"><strong>Kui eelmainitu pakub teile huvi, v\u00f5tke meiega \u00fchendust! V\u00f5ite julgelt oma maja ehitamise v\u00f5i remontimise meie professionaalide k\u00e4tte usaldada \u2013 meil oleks hea meel teid oma tellijate seas n\u00e4ha!<\/strong><\/span>[\/vc_column_text][\/vc_column][\/vc_row][vc_row][vc_column extend=&#8221;false&#8221;][vc_empty_space height=&#8221;20&#8243;][\/vc_column][\/vc_row]<\/p>\n<\/div>","protected":false},"excerpt":{"rendered":"<p>[vc_row css_animation_repeat=&#8221;show_video&#8221; extend=&#8221;true&#8221; live_background_shapes_preset=&#8221;preset1&#8243; live_background_shapes_size=&#8221;small&#8221; live_background_shapes_speed=&#8221;slow&#8221; live_background_opacity=&#8221;60&#8243; clean_margin=&#8221;&#8221; clean_padding=&#8221;&#8221; content_placement=&#8221;&#8221; design__empty_1=&#8221;&#8221; background=&#8221;color&#8221; background_image_type=&#8221;static&#8221; background_image__effect=&#8221;&#8221; bg_size=&#8221;initial&#8221; bg_position=&#8221;center-center&#8221; row_bg_image=&#8221;&#8221; bg_repeat=&#8221;no-repeat&#8221; background_image_type__bg_color=&#8221;rgba(255, 255, 255, 1)&#8221; row_bg_parallax_images=&#8221;&#8221; row_bg_slideshow_images=&#8221;&#8221; background_video_type=&#8221;youtube&#8221; background_video__youtube__url=&#8221;&#8221; background_video__youtube__parallax=&#8221;&#8221; background_video__youtube__options=&#8221;&#8221; background_video__youtube__fallback_image=&#8221;&#8221; background_video__hosted__mp4=&#8221;&#8221; [&hellip;]<\/p>\n","protected":false},"author":1,"featured_media":0,"parent":0,"menu_order":0,"comment_status":"closed","ping_status":"closed","template":"","meta":{"footnotes":""},"_links":{"self":[{"href":"https:\/\/stabimer.ee\/et\/wp-json\/wp\/v2\/pages\/11564"}],"collection":[{"href":"https:\/\/stabimer.ee\/et\/wp-json\/wp\/v2\/pages"}],"about":[{"href":"https:\/\/stabimer.ee\/et\/wp-json\/wp\/v2\/types\/page"}],"author":[{"embeddable":true,"href":"https:\/\/stabimer.ee\/et\/wp-json\/wp\/v2\/users\/1"}],"replies":[{"embeddable":true,"href":"https:\/\/stabimer.ee\/et\/wp-json\/wp\/v2\/comments?post=11564"}],"version-history":[{"count":7,"href":"https:\/\/stabimer.ee\/et\/wp-json\/wp\/v2\/pages\/11564\/revisions"}],"predecessor-version":[{"id":12009,"href":"https:\/\/stabimer.ee\/et\/wp-json\/wp\/v2\/pages\/11564\/revisions\/12009"}],"wp:attachment":[{"href":"https:\/\/stabimer.ee\/et\/wp-json\/wp\/v2\/media?parent=11564"}],"curies":[{"name":"wp","href":"https:\/\/api.w.org\/{rel}","templated":true}]}}