{"id":11563,"date":"2017-05-04T16:12:31","date_gmt":"2017-05-04T14:12:31","guid":{"rendered":"https:\/\/stabimer.ee\/santehnicheskie_raboti\/"},"modified":"2023-10-14T17:37:56","modified_gmt":"2023-10-14T14:37:56","slug":"santehnicheskie_raboti","status":"publish","type":"page","link":"https:\/\/stabimer.ee\/et\/santehnicheskie_raboti\/","title":{"rendered":"SANITAARTEHNILISED T\u00d6\u00d6D"},"content":{"rendered":"<div class=\"wpb-content-wrapper\"><p>[vc_row css_animation_repeat=&#8221;show_video&#8221; extend=&#8221;true&#8221; live_background_shapes_preset=&#8221;preset1&#8243; live_background_shapes_size=&#8221;small&#8221; live_background_shapes_speed=&#8221;slow&#8221; live_background_opacity=&#8221;60&#8243; clean_margin=&#8221;&#8221; clean_padding=&#8221;&#8221; content_placement=&#8221;&#8221; design__empty_1=&#8221;&#8221; background=&#8221;color&#8221; background_image_type=&#8221;static&#8221; background_image__effect=&#8221;&#8221; bg_size=&#8221;initial&#8221; bg_position=&#8221;center-center&#8221; row_bg_image=&#8221;&#8221; bg_repeat=&#8221;no-repeat&#8221; background_image_type__bg_color=&#8221;rgba(255, 255, 255, 1)&#8221; row_bg_parallax_images=&#8221;&#8221; row_bg_slideshow_images=&#8221;&#8221; background_video_type=&#8221;youtube&#8221; background_video__youtube__url=&#8221;&#8221; background_video__youtube__parallax=&#8221;&#8221; background_video__youtube__options=&#8221;&#8221; background_video__youtube__fallback_image=&#8221;&#8221; background_video__hosted__mp4=&#8221;&#8221; background_video__hosted__webm=&#8221;&#8221; background_video__hosted__ogv=&#8221;&#8221; background_video__hosted__parallax=&#8221;&#8221; background_video__hosted__options=&#8221;&#8221; background_video__hosted__fallback_image=&#8221;&#8221; background_color_type=&#8221;color&#8221; bg__empty_1=&#8221;&#8221; background_color_type__gradient_color1=&#8221;rgba(44, 74, 228, 1)&#8221; background_color_type__gradient_color2=&#8221;rgba(44, 74, 228, 1)&#8221; background_color_type__color_color1=&#8221;rgba(255, 255, 255, 0.7)&#8221; bg__empty_2=&#8221;&#8221; background_color__effect=&#8221;&#8221; background_color__direction=&#8221;left-to-right&#8221; undefined=&#8221;&#8221; settings__tag_1=&#8221;&#8221; viewport_lg=&#8221;&#8221; viewport_md=&#8221;&#8221; viewport_sm=&#8221;&#8221; viewport_xs=&#8221;&#8221; settings__empty_1=&#8221;&#8221; version=&#8221;1&#8243;][vc_column extend=&#8221;false&#8221;][vc_column_text]<span style=\"color: #f7f7f7;\"><strong>K\u00fcttes\u00fcsteemide monteerimine, kanalisatsiooni kapitaalremont, torude ja sanitaartehnika paigaldus ja vahetus jne. Kui soovite, et sanitaartehnika t\u00f6\u00f6taks aastaid, tellige paigaldus-, remondi- ja \u00fchendust\u00f6\u00f6d meie professionaalidelt!<\/strong><\/span><\/p>\n<p><span style=\"color: #f7f7f7;\"><strong>Sanitaartehnilised t\u00f6\u00f6d sisaldavad j\u00e4rgmisi teenuseid:<\/strong><\/span><\/p>\n<ul>\n<li><span style=\"color: #f7f7f7;\"><strong>spetsialisti v\u00e4ljas\u00f5itmine objektile <\/strong>(objekti \u00fclevaatamine ja m\u00f5\u00f5tmine, materjalide ja ehitus- ning remondit\u00f6\u00f6de etappide alane n\u00f5ustamine);<\/span><\/li>\n<li><span style=\"color: #f7f7f7;\"><strong>\u00fcksikasjaliku eelarve koostamine <\/strong>(tingimuste koosk\u00f5lastamine, lepingu allkirjastamine);<\/span><\/li>\n<li><span style=\"color: #f7f7f7;\"><strong>ehitusmaterjalide ja -tehnika tellimine ning objektile kohaletoimetamine <\/strong>(oma transpordivahendiga);<\/span><\/li>\n<li><span style=\"color: #f7f7f7;\"><strong>veetorude remont<\/strong> (osaline vahetamine jne);<\/span><\/li>\n<li><span style=\"color: #f7f7f7;\"><strong>veetorude soojustamine<\/strong> (trassid keldris jne);<\/span><\/li>\n<li><span style=\"color: #f7f7f7;\"><strong>u<\/strong><strong>ute torude paigaldamine<\/strong> (kanalisatsiooni ja veetorude vahetamine v\u00f5i remont jne);<\/span><\/li>\n<li><span style=\"color: #f7f7f7;\"><strong>s<\/strong><strong>anitaartehnika paigaldamine <\/strong>(vann, WC-pott, k\u00f6\u00f6givalamu, du\u0161ikabiin, kraanid, filtrid, r\u00e4tikukuivati, boiler jne);<\/span><\/li>\n<li><span style=\"color: #f7f7f7;\"><strong>k\u00fcttes\u00fcsteemi paigaldamine<\/strong> (\u00f5hk-, elektri-, vesik\u00fcte jne);<\/span><\/li>\n<li><span style=\"color: #f7f7f7;\"><strong>lukustusarmatuuri paigaldamine<\/strong> (r\u00f5hureduktorid jne);<\/span><\/li>\n<li><span style=\"color: #f7f7f7;\"><strong>p\u00f6\u00f6rdklappide, filtrite, arvestite ja muude vajalike elementide paigaldamine;<\/strong><\/span><\/li>\n<li><span style=\"color: #f7f7f7;\"><strong>kogu s\u00fcsteemi hermeetilisuse kontrollimine ja surveproov <\/strong>(k\u00e4ivitus-seadistust\u00f6\u00f6d);<\/span><\/li>\n<li><span style=\"color: #f7f7f7;\"><strong>e<\/strong><strong>hitusprahi pealelaadimine ja \u00e4ravedamine oma transpordivahendiga<\/strong> (vanad torud, radiaatorid, WC-potid, vannid jne);<\/span><\/li>\n<li><span style=\"color: #f7f7f7;\"><strong>objekti t\u00f6\u00f6dej\u00e4rgne korrastamine<\/strong> (omal j\u00f5ul);<\/span><\/li>\n<li><span style=\"color: #f7f7f7;\"><strong>teie maja sanitaartehnilised t\u00f6\u00f6d on kvaliteetselt ja \u00f5igeaegselt l\u00f5pule viidud.<\/strong><\/span><\/li>\n<\/ul>\n<p><span style=\"color: #f7f7f7;\"><strong>Lisateenused: <\/strong><\/span><\/p>\n<ul>\n<li><span style=\"color: #f7f7f7;\"><strong>garantiiline ja garantiij\u00e4rgne hooldus <\/strong>(lepingu alusel);<\/span><\/li>\n<li><span style=\"color: #f7f7f7;\"><strong>k\u00f5ikide k\u00fctte-, veevarustuss\u00fcsteemide ja kanalisatsiooni tehniline hooldamine <\/strong>(lepingu alusel).<\/span><\/li>\n<\/ul>\n<p><span style=\"color: #f7f7f7;\"><strong>Professionaalide n\u00f5uanne:<\/strong><\/span><\/p>\n<p><span style=\"color: #f7f7f7;\">Sanitaartehniliste t\u00f6\u00f6de tegemiseks vajalike<strong> seadmete <\/strong>(segistid, WC-potid jne) ja<strong> materjalide valimisel ei tasu liigselt kokku hoida<\/strong>, kuna nende vahetamine v\u00f5i remontimine v\u00f5ib l\u00f5ppkokkuv\u00f5ttes palju kallimaks osutuda. Seet\u00f5ttu tasub materjalide (seadmete) ostmisel kindlasti meie professionaalidega n\u00f5u pidada, sest nemad puutuvad iga p\u00e4ev erinevate materjalide ja seadmetega kokku ning teavad t\u00e4pselt nende kasutamise erip\u00e4rasid.<\/span><\/p>\n<p><span style=\"color: #f7f7f7;\"><strong>Stabimer Ehitus O\u00dc spetsialistid garanteerivad nende paigaldatud sanitaartehnika muretu pikaajalise kasutamise. Koost\u00f6\u00f6 meiega tagab t\u00e4ieliku korra ja mugavuse teie majas, korteris v\u00f5i korteris ning samuti hea tuju ja positiivsuse k\u00f5iges ja alati.<\/strong><\/span>[\/vc_column_text][\/vc_column][\/vc_row][vc_row][vc_column extend=&#8221;false&#8221;][vc_empty_space height=&#8221;20&#8243;][\/vc_column][\/vc_row]<\/p>\n<\/div>","protected":false},"excerpt":{"rendered":"<p>[vc_row css_animation_repeat=&#8221;show_video&#8221; extend=&#8221;true&#8221; live_background_shapes_preset=&#8221;preset1&#8243; live_background_shapes_size=&#8221;small&#8221; live_background_shapes_speed=&#8221;slow&#8221; live_background_opacity=&#8221;60&#8243; clean_margin=&#8221;&#8221; clean_padding=&#8221;&#8221; content_placement=&#8221;&#8221; design__empty_1=&#8221;&#8221; background=&#8221;color&#8221; background_image_type=&#8221;static&#8221; background_image__effect=&#8221;&#8221; bg_size=&#8221;initial&#8221; bg_position=&#8221;center-center&#8221; row_bg_image=&#8221;&#8221; bg_repeat=&#8221;no-repeat&#8221; background_image_type__bg_color=&#8221;rgba(255, 255, 255, 1)&#8221; row_bg_parallax_images=&#8221;&#8221; row_bg_slideshow_images=&#8221;&#8221; background_video_type=&#8221;youtube&#8221; background_video__youtube__url=&#8221;&#8221; background_video__youtube__parallax=&#8221;&#8221; background_video__youtube__options=&#8221;&#8221; background_video__youtube__fallback_image=&#8221;&#8221; background_video__hosted__mp4=&#8221;&#8221; [&hellip;]<\/p>\n","protected":false},"author":1,"featured_media":0,"parent":0,"menu_order":0,"comment_status":"closed","ping_status":"closed","template":"","meta":{"footnotes":""},"_links":{"self":[{"href":"https:\/\/stabimer.ee\/et\/wp-json\/wp\/v2\/pages\/11563"}],"collection":[{"href":"https:\/\/stabimer.ee\/et\/wp-json\/wp\/v2\/pages"}],"about":[{"href":"https:\/\/stabimer.ee\/et\/wp-json\/wp\/v2\/types\/page"}],"author":[{"embeddable":true,"href":"https:\/\/stabimer.ee\/et\/wp-json\/wp\/v2\/users\/1"}],"replies":[{"embeddable":true,"href":"https:\/\/stabimer.ee\/et\/wp-json\/wp\/v2\/comments?post=11563"}],"version-history":[{"count":6,"href":"https:\/\/stabimer.ee\/et\/wp-json\/wp\/v2\/pages\/11563\/revisions"}],"predecessor-version":[{"id":12011,"href":"https:\/\/stabimer.ee\/et\/wp-json\/wp\/v2\/pages\/11563\/revisions\/12011"}],"wp:attachment":[{"href":"https:\/\/stabimer.ee\/et\/wp-json\/wp\/v2\/media?parent=11563"}],"curies":[{"name":"wp","href":"https:\/\/api.w.org\/{rel}","templated":true}]}}