{"id":11562,"date":"2017-05-04T15:28:43","date_gmt":"2017-05-04T13:28:43","guid":{"rendered":"https:\/\/stabimer.ee\/krovelnie_raboti\/"},"modified":"2023-10-14T17:36:53","modified_gmt":"2023-10-14T14:36:53","slug":"krovelnie_raboti","status":"publish","type":"page","link":"https:\/\/stabimer.ee\/et\/krovelnie_raboti\/","title":{"rendered":"KATUSET\u00d6\u00d6D"},"content":{"rendered":"<div class=\"wpb-content-wrapper\"><p>[vc_row css_animation_repeat=&#8221;show_video&#8221; extend=&#8221;true&#8221; live_background_shapes_preset=&#8221;preset1&#8243; live_background_shapes_size=&#8221;small&#8221; live_background_shapes_speed=&#8221;slow&#8221; live_background_opacity=&#8221;60&#8243; clean_margin=&#8221;&#8221; clean_padding=&#8221;&#8221; content_placement=&#8221;&#8221; design__empty_1=&#8221;&#8221; background=&#8221;color&#8221; background_image_type=&#8221;static&#8221; background_image__effect=&#8221;&#8221; bg_size=&#8221;initial&#8221; bg_position=&#8221;center-center&#8221; row_bg_image=&#8221;&#8221; bg_repeat=&#8221;no-repeat&#8221; background_image_type__bg_color=&#8221;rgba(255, 255, 255, 1)&#8221; row_bg_parallax_images=&#8221;&#8221; row_bg_slideshow_images=&#8221;&#8221; background_video_type=&#8221;youtube&#8221; background_video__youtube__url=&#8221;&#8221; background_video__youtube__parallax=&#8221;&#8221; background_video__youtube__options=&#8221;&#8221; background_video__youtube__fallback_image=&#8221;&#8221; background_video__hosted__mp4=&#8221;&#8221; background_video__hosted__webm=&#8221;&#8221; background_video__hosted__ogv=&#8221;&#8221; background_video__hosted__parallax=&#8221;&#8221; background_video__hosted__options=&#8221;&#8221; background_video__hosted__fallback_image=&#8221;&#8221; background_color_type=&#8221;color&#8221; bg__empty_1=&#8221;&#8221; background_color_type__gradient_color1=&#8221;rgba(44, 74, 228, 1)&#8221; background_color_type__gradient_color2=&#8221;rgba(44, 74, 228, 1)&#8221; background_color_type__color_color1=&#8221;rgba(255, 255, 255, 0.7)&#8221; bg__empty_2=&#8221;&#8221; background_color__effect=&#8221;&#8221; background_color__direction=&#8221;left-to-right&#8221; undefined=&#8221;&#8221; settings__tag_1=&#8221;&#8221; viewport_lg=&#8221;&#8221; viewport_md=&#8221;&#8221; viewport_sm=&#8221;&#8221; viewport_xs=&#8221;&#8221; settings__empty_1=&#8221;&#8221; version=&#8221;1&#8243;][vc_column extend=&#8221;false&#8221;][vc_column_text]<span style=\"color: #f7f7f7;\"><strong>Stabimer Ehitus O\u00dc pakub kvaliteetseid ja professionaalseid katuse montaa\u017eit\u00f6id. Meie ettev\u00f5ttes t\u00f6\u00f6tavad suure kogemuste pagasiga spetsialistid oskavad teha k\u00f5iksuguseid katuse remondit\u00f6id ning parandada m\u00f5istliku aja jooksul erinevad katusekonstruktsiooni vead ja rikkumised. K\u00f5ikide t\u00f6\u00f6de tegemisel j\u00e4rgime rangelt tehnoloogiaid ja kasutame Euroopa kvaliteedisertifikaadiga materjale. Samuti laieneb k\u00f5ikidele meie tehtud t\u00f6\u00f6dele garantii. Meie ettev\u00f5tte spetsialistid aitavad teil valida sobivaima katusematerjali, komplekteerivad k\u00f5ik vajalikud elemendid katuse korrektseks paigaldamiseks ja teevad k\u00f5ik, et j\u00e4\u00e4ksite rahule nii tehtud t\u00f6\u00f6 kui meie teenusega.<\/strong><\/span><\/p>\n<p><span style=\"color: #f7f7f7;\"><strong>Vana katuse renoveerimine v\u00f5i uue ehitamine sisaldab j\u00e4rgmisi t\u00f6id:<\/strong><\/span><\/p>\n<ul>\n<li><span style=\"color: #f7f7f7;\"><strong>spetsialisti v\u00e4ljas\u00f5itmine objektile <\/strong>(objekti \u00fclevaatamine ja m\u00f5\u00f5tmine, materjalide ja ehitus- ning remondit\u00f6\u00f6de etappide alane n\u00f5ustamine);<\/span><\/li>\n<li><span style=\"color: #f7f7f7;\"><strong>\u00fcksikasjaliku eelarve koostamine <\/strong>(tingimuste koosk\u00f5lastamine, lepingu allkirjastamine);<\/span><\/li>\n<li><span style=\"color: #f7f7f7;\"><strong>ehitusmaterjalide ja -tehnika tellimine ning objektile kohaletoimetamine <\/strong>(oma transpordivahendiga);<\/span><\/li>\n<li><span style=\"color: #f7f7f7;\"><strong>vana katuse demonteerimine <\/strong>(pr\u00fcgi v\u00e4ljavedu jne);<\/span><\/li>\n<li><span style=\"color: #f7f7f7;\"><strong>sarikate s\u00fcsteemi paigaldamine<\/strong> (olemasolevate kasutusk\u00f5lblike sarikate renoveerimine jne);<\/span><\/li>\n<li><span style=\"color: #f7f7f7;\"><strong>roovide paigaldamine <\/strong>(s\u00f5ltub katuse materjalist ja t\u00fc\u00fcbist);<\/span><\/li>\n<li><span style=\"color: #f7f7f7;\"><strong>katuse soojustamine;<\/strong><\/span><\/li>\n<li><span style=\"color: #f7f7f7;\"><strong>niiskus- ja aurut\u00f5kke s\u00fcsteemi paigaldamine;<\/strong><\/span><\/li>\n<li><span style=\"color: #f7f7f7;\"><strong>profiilpleki v\u00f5i katusekivide montaa\u017e;<\/strong><\/span><\/li>\n<li><span style=\"color: #f7f7f7;\"><strong>katuseharjade, -karniiside ja muude elementide paigaldamine;<\/strong><\/span><\/li>\n<li><span style=\"color: #f7f7f7;\"><strong>ehitusprahi pealelaadimine ja \u00e4ravedu <\/strong>(oma transpordivahendiga);<\/span><\/li>\n<li><span style=\"color: #f7f7f7;\"><strong>juuresoleva territooriumi t\u00f6\u00f6dej\u00e4rgne korrastamine <\/strong>(omal j\u00f5ul);<\/span><\/li>\n<li><span style=\"color: #f7f7f7;\"><strong>teie maja vana katuse renoveerimine v\u00f5i uue paigaldamine on kvaliteetselt ja \u00f5igeaegselt l\u00f5pule viidud.<\/strong><\/span><\/li>\n<\/ul>\n<p><span style=\"color: #f7f7f7;\"><strong>Lisateenused: <\/strong><\/span><\/p>\n<ul>\n<li><span style=\"color: #f7f7f7;\"><strong>uute ahjutorude paigaldamine <\/strong>(restaureerimine);<\/span><\/li>\n<li><span style=\"color: #f7f7f7;\"><strong>\u00e4ravoolus\u00fcsteemi montaa\u017e; <\/strong><\/span><\/li>\n<li><span style=\"color: #f7f7f7;\"><strong>mansardakende paigaldamine;<\/strong><\/span><\/li>\n<li><span style=\"color: #f7f7f7;\"><strong>katuseluukide jm montaa\u017e.<\/strong><\/span><\/li>\n<\/ul>\n<p><span style=\"color: #f7f7f7;\"><strong>Professionaalide n\u00f5uanne:<\/strong><\/span><\/p>\n<p><span style=\"color: #f7f7f7;\">Katuset\u00f6\u00f6d on ehitus-remondit\u00f6\u00f6de \u00fcheks olulisimaks etapiks, mille kvaliteedist s\u00f5ltub teie ehitise niiskus-, lume- ja tuulekindlus ning muude atmosf\u00e4\u00e4rin\u00e4htuste vastane kaitse. <strong>Katuse seisukord m\u00f5jutab otseselt teie ehitise \u00fcldist kasutusaega<\/strong>. Liigse niiskuse, seene v\u00f5i hallituse tekke v\u00e4ltimiseks peate oma maja katuse ehitus-remondit\u00f6\u00f6de tegijat eriti hoolikalt valima. Tasub silmas pidada, et <strong>v\u00e4ikseimgi katuse montaa\u017ei k\u00e4igus tekkinud viga<\/strong> v\u00f5ib v\u00e4hendada selle t\u00f6\u00f6aega ja kvaliteeti. Seet\u00f5ttu tuleb k\u00f5ikide t\u00f6\u00f6de tegemisel katte ja selle paigaldamise tehnikaga piiritletud tehnoloogilistest protsessidest rangelt kinni pidada.<\/span><\/p>\n<p><span style=\"color: #f7f7f7;\"><strong>Garanteerime oma klientidele k\u00f5ikide t\u00f6\u00f6de hoolika ja kvaliteetse teostamise kokkulepitud t\u00e4htaegadel!<\/strong><\/span>[\/vc_column_text][\/vc_column][\/vc_row][vc_row][vc_column extend=&#8221;false&#8221;][vc_empty_space height=&#8221;20&#8243;][\/vc_column][\/vc_row]<\/p>\n<\/div>","protected":false},"excerpt":{"rendered":"<p>[vc_row css_animation_repeat=&#8221;show_video&#8221; extend=&#8221;true&#8221; live_background_shapes_preset=&#8221;preset1&#8243; live_background_shapes_size=&#8221;small&#8221; live_background_shapes_speed=&#8221;slow&#8221; live_background_opacity=&#8221;60&#8243; clean_margin=&#8221;&#8221; clean_padding=&#8221;&#8221; content_placement=&#8221;&#8221; design__empty_1=&#8221;&#8221; background=&#8221;color&#8221; background_image_type=&#8221;static&#8221; background_image__effect=&#8221;&#8221; bg_size=&#8221;initial&#8221; bg_position=&#8221;center-center&#8221; row_bg_image=&#8221;&#8221; bg_repeat=&#8221;no-repeat&#8221; background_image_type__bg_color=&#8221;rgba(255, 255, 255, 1)&#8221; row_bg_parallax_images=&#8221;&#8221; row_bg_slideshow_images=&#8221;&#8221; background_video_type=&#8221;youtube&#8221; background_video__youtube__url=&#8221;&#8221; background_video__youtube__parallax=&#8221;&#8221; background_video__youtube__options=&#8221;&#8221; background_video__youtube__fallback_image=&#8221;&#8221; background_video__hosted__mp4=&#8221;&#8221; [&hellip;]<\/p>\n","protected":false},"author":1,"featured_media":0,"parent":0,"menu_order":0,"comment_status":"closed","ping_status":"closed","template":"","meta":{"footnotes":""},"_links":{"self":[{"href":"https:\/\/stabimer.ee\/et\/wp-json\/wp\/v2\/pages\/11562"}],"collection":[{"href":"https:\/\/stabimer.ee\/et\/wp-json\/wp\/v2\/pages"}],"about":[{"href":"https:\/\/stabimer.ee\/et\/wp-json\/wp\/v2\/types\/page"}],"author":[{"embeddable":true,"href":"https:\/\/stabimer.ee\/et\/wp-json\/wp\/v2\/users\/1"}],"replies":[{"embeddable":true,"href":"https:\/\/stabimer.ee\/et\/wp-json\/wp\/v2\/comments?post=11562"}],"version-history":[{"count":5,"href":"https:\/\/stabimer.ee\/et\/wp-json\/wp\/v2\/pages\/11562\/revisions"}],"predecessor-version":[{"id":12007,"href":"https:\/\/stabimer.ee\/et\/wp-json\/wp\/v2\/pages\/11562\/revisions\/12007"}],"wp:attachment":[{"href":"https:\/\/stabimer.ee\/et\/wp-json\/wp\/v2\/media?parent=11562"}],"curies":[{"name":"wp","href":"https:\/\/api.w.org\/{rel}","templated":true}]}}