{"id":11560,"date":"2017-05-04T16:10:04","date_gmt":"2017-05-04T14:10:04","guid":{"rendered":"https:\/\/stabimer.ee\/domofoni\/"},"modified":"2023-10-14T17:36:39","modified_gmt":"2023-10-14T14:36:39","slug":"domofoni","status":"publish","type":"page","link":"https:\/\/stabimer.ee\/et\/domofoni\/","title":{"rendered":"FONOLUKUD ja VIDEOKAAMERAD"},"content":{"rendered":"<div class=\"wpb-content-wrapper\"><p>[vc_row css_animation_repeat=&#8221;show_video&#8221; extend=&#8221;true&#8221; live_background_shapes_preset=&#8221;preset1&#8243; live_background_shapes_size=&#8221;small&#8221; live_background_shapes_speed=&#8221;slow&#8221; live_background_opacity=&#8221;60&#8243; clean_margin=&#8221;&#8221; clean_padding=&#8221;&#8221; content_placement=&#8221;&#8221; design__empty_1=&#8221;&#8221; background=&#8221;color&#8221; background_image_type=&#8221;static&#8221; background_image__effect=&#8221;&#8221; bg_size=&#8221;initial&#8221; bg_position=&#8221;center-center&#8221; row_bg_image=&#8221;&#8221; bg_repeat=&#8221;no-repeat&#8221; background_image_type__bg_color=&#8221;rgba(255, 255, 255, 1)&#8221; row_bg_parallax_images=&#8221;&#8221; row_bg_slideshow_images=&#8221;&#8221; background_video_type=&#8221;youtube&#8221; background_video__youtube__url=&#8221;&#8221; background_video__youtube__parallax=&#8221;&#8221; background_video__youtube__options=&#8221;&#8221; background_video__youtube__fallback_image=&#8221;&#8221; background_video__hosted__mp4=&#8221;&#8221; background_video__hosted__webm=&#8221;&#8221; background_video__hosted__ogv=&#8221;&#8221; background_video__hosted__parallax=&#8221;&#8221; background_video__hosted__options=&#8221;&#8221; background_video__hosted__fallback_image=&#8221;&#8221; background_color_type=&#8221;color&#8221; bg__empty_1=&#8221;&#8221; background_color_type__gradient_color1=&#8221;rgba(44, 74, 228, 1)&#8221; background_color_type__gradient_color2=&#8221;rgba(44, 74, 228, 1)&#8221; background_color_type__color_color1=&#8221;rgba(255, 255, 255, 0.7)&#8221; bg__empty_2=&#8221;&#8221; background_color__effect=&#8221;&#8221; background_color__direction=&#8221;left-to-right&#8221; undefined=&#8221;&#8221; settings__tag_1=&#8221;&#8221; viewport_lg=&#8221;&#8221; viewport_md=&#8221;&#8221; viewport_sm=&#8221;&#8221; viewport_xs=&#8221;&#8221; settings__empty_1=&#8221;&#8221; version=&#8221;1&#8243;][vc_column extend=&#8221;false&#8221;][vc_column_text]<span style=\"color: #f7f7f7;\"><strong>Trepikotta fonoluku paigaldamine<\/strong><\/span><br \/>\n<span style=\"color: #f7f7f7;\"><strong>Kortermajja fonoluku paigaldamine on v\u00e4ga keeruline ja t\u00f6\u00f6mahukas protsess, mist\u00f5ttu tasub see t\u00f6\u00f6 elektri- ja n\u00f5rkvoolus\u00fcsteemi osas p\u00f5hjalike teadmiste puudumise korral meie professionaalide k\u00e4tte usaldada. Samuti eeldab see protsess \u00fchendusliinide rajamist. \u00dchenduse kvaliteet, \u00f5igsus ja fonoluku stabiilne pikaajaline t\u00f6\u00f6 s\u00f5ltub selle korrektsest paigaldamisest.<\/strong><\/span><\/p>\n<p><span style=\"color: #f7f7f7;\"><strong>Fonoluku paigaldamine sisaldab j\u00e4rgmisi teenuseid:<\/strong><\/span><br \/>\n<span style=\"color: #f7f7f7;\">\u2022 <strong>spetsialisti v\u00e4ljas\u00f5itmine objektile<\/strong> (objekti \u00fclevaatamine ja m\u00f5\u00f5tmine, seadmete ja t\u00f6\u00f6etappide alane n\u00f5ustamine);<\/span><br \/>\n<span style=\"color: #f7f7f7;\">\u2022 <strong>fonoluku mudeli ja vajalike tarvikute valimine;<\/strong><\/span><br \/>\n<span style=\"color: #f7f7f7;\">\u2022<strong> \u00fcksikasjaliku eelarve koostamine<\/strong> (tingimuste koosk\u00f5lastamine, lepingu allkirjastamine);<\/span><br \/>\n<span style=\"color: #f7f7f7;\">\u2022 <strong>k\u00f5ikide vajalike materjalide ja tehnika transportimine objektile<\/strong> (oma transpordivahendiga);<\/span><br \/>\n<span style=\"color: #f7f7f7;\">\u2022 <strong>kaablite vedamine;<\/strong><\/span><br \/>\n<span style=\"color: #f7f7f7;\">\u2022 <strong>kommuteerimisplokkide paigaldamine igale korrusele;<\/strong><\/span><br \/>\n<span style=\"color: #f7f7f7;\"><strong>\u2022 kutsepaneeli ja abonentseadmete paigaldamine;<\/strong><\/span><br \/>\n<span style=\"color: #f7f7f7;\"><strong>\u2022 fonoluku \u00fchendamine ning k\u00e4ivitamise ja seadistamise t\u00f6\u00f6d;<\/strong><\/span><br \/>\n<span style=\"color: #f7f7f7;\"><strong>\u2022 fonoluku paigaldamine teie majja on kvaliteetselt ja \u00f5igeaegselt l\u00f5pule viidud.<\/strong><\/span><\/p>\n<p><span style=\"color: #f7f7f7;\"><strong>Videovalves\u00fcsteemid on teie ja teie vara ohutuse k\u00f5rgem tase. Garanteerime k\u00f5ikidele oma klientidele parimad saadaolevad seadmed, et tagada kliendi soovidele t\u00e4ielikult vastav s\u00fcsteem. Tegemist v\u00f5ib olla nii tavalise j\u00e4lgimiss\u00fcsteemi kui ka t\u00e4iuslikuma integreeritud kaugj\u00e4lgimise paketiga.<\/strong><\/span><\/p>\n<p><span style=\"color: #f7f7f7;\"><strong>Videovalve paigaldamine sisaldab j\u00e4rgmisi teenuseid:<\/strong><\/span><br \/>\n<span style=\"color: #f7f7f7;\">\u2022 <strong>spetsialisti v\u00e4ljas\u00f5itmine objektile<\/strong> (objekti \u00fclevaatamine ja m\u00f5\u00f5tmine, seadmete ja t\u00f6\u00f6etappide alane n\u00f5ustamine);<\/span><br \/>\n<span style=\"color: #f7f7f7;\">\u2022 <strong>videokaamera ja vajalike tarvikute valimine;<\/strong><\/span><br \/>\n<span style=\"color: #f7f7f7;\">\u2022 <strong>\u00fcksikasjaliku eelarve koostamine<\/strong> (tingimuste koosk\u00f5lastamine, lepingu allkirjastamine);<\/span><br \/>\n<span style=\"color: #f7f7f7;\">\u2022 <strong>IP videovalve s\u00fcsteemi paigaldamine<\/strong> (registraatorid, videokaamerad, mobiiltelefonile informatsiooni saatmise funktsiooniga salvesti jne).<\/span><\/p>\n<p><span style=\"color: #f7f7f7;\"><strong>Meie videovalves\u00fcsteemi kaamerates on sisseehitatud GSM-moodul, mis v\u00f5imaldab MMS, SMS teavituste ja h\u00e4\u00e4ls\u00f5numite otsesaatmist ning piltide sarja reaalaajas edastamist jne. <\/strong><\/span><\/p>\n<p><span style=\"color: #f7f7f7;\"><strong>Selle omanik v\u00f5ib valvatavat objekti interneti kaudu igast personaalarvutist, tahvelarvutist v\u00f5i mobiiltelefonist j\u00e4lgida;<\/strong><\/span><\/p>\n<p><span style=\"color: #f7f7f7;\"><strong>\u2022 kogu videovalves\u00fcsteemi \u00fchendamine ja reaalajas j\u00e4lgimine;<\/strong><\/span><br \/>\n<span style=\"color: #f7f7f7;\"><strong>\u2022 paigaldatud seadme kasutamise alane kliendi \u00f5petamine ja juhendamine.<\/strong><\/span><\/p>\n<p><span style=\"color: #f7f7f7;\"><strong>Lisateenused:<\/strong><\/span><br \/>\n<span style=\"color: #f7f7f7;\">&#8211; <strong>tulet\u00f5rjesignalisatsiooni paigaldamine<\/strong> (mobiiltelefoni teavituse saatmise funktsioon);<\/span><br \/>\n<span style=\"color: #f7f7f7;\">&#8211; <strong>valves\u00fcsteemi paigaldamine<\/strong> (mobiiltelefoni teavituse saatmise funktsioon);<\/span><br \/>\n<span style=\"color: #f7f7f7;\">&#8211; <strong>garantiiline ja garantiij\u00e4rgne hooldus<\/strong> (lepingu alusel).<\/span><\/p>\n<p><span style=\"color: #f7f7f7;\"><strong>Professionaalide n\u00f5uanne:<\/strong><\/span><br \/>\n<span style=\"color: #f7f7f7;\">Elamu (suvila, korteri, kontori, parkla, garaa\u017ei, lao, poe jne) kvaliteetse ja rahaliselt j\u00f5ukohase ohutuse tagamise k\u00fcsimuses on k\u00f5ige sobivamaks ja efektiivsemaks lahenduseks just videovalve. Seda v\u00f5ib kasutada k\u00f5ikides elu- ja mitteeluruumides ning saate olla alati kindel, et nii teie vara kui ka elu on professionaalse kaitse all!<\/span><\/p>\n<p><span style=\"color: #f7f7f7;\"><strong>Garanteerime k\u00f5ikidele oma klientidele efektiivse ja kaasaegse tehnilise toe ning kvaliteetse teeninduse!<\/strong><\/span>[\/vc_column_text][\/vc_column][\/vc_row][vc_row][vc_column extend=&#8221;false&#8221;][vc_empty_space height=&#8221;20&#8243;][\/vc_column][\/vc_row]<\/p>\n<\/div>","protected":false},"excerpt":{"rendered":"<p>[vc_row css_animation_repeat=&#8221;show_video&#8221; extend=&#8221;true&#8221; live_background_shapes_preset=&#8221;preset1&#8243; live_background_shapes_size=&#8221;small&#8221; live_background_shapes_speed=&#8221;slow&#8221; live_background_opacity=&#8221;60&#8243; clean_margin=&#8221;&#8221; clean_padding=&#8221;&#8221; content_placement=&#8221;&#8221; design__empty_1=&#8221;&#8221; background=&#8221;color&#8221; background_image_type=&#8221;static&#8221; background_image__effect=&#8221;&#8221; bg_size=&#8221;initial&#8221; bg_position=&#8221;center-center&#8221; row_bg_image=&#8221;&#8221; bg_repeat=&#8221;no-repeat&#8221; background_image_type__bg_color=&#8221;rgba(255, 255, 255, 1)&#8221; row_bg_parallax_images=&#8221;&#8221; row_bg_slideshow_images=&#8221;&#8221; background_video_type=&#8221;youtube&#8221; background_video__youtube__url=&#8221;&#8221; background_video__youtube__parallax=&#8221;&#8221; background_video__youtube__options=&#8221;&#8221; background_video__youtube__fallback_image=&#8221;&#8221; background_video__hosted__mp4=&#8221;&#8221; [&hellip;]<\/p>\n","protected":false},"author":1,"featured_media":0,"parent":0,"menu_order":0,"comment_status":"closed","ping_status":"closed","template":"","meta":{"footnotes":""},"_links":{"self":[{"href":"https:\/\/stabimer.ee\/et\/wp-json\/wp\/v2\/pages\/11560"}],"collection":[{"href":"https:\/\/stabimer.ee\/et\/wp-json\/wp\/v2\/pages"}],"about":[{"href":"https:\/\/stabimer.ee\/et\/wp-json\/wp\/v2\/types\/page"}],"author":[{"embeddable":true,"href":"https:\/\/stabimer.ee\/et\/wp-json\/wp\/v2\/users\/1"}],"replies":[{"embeddable":true,"href":"https:\/\/stabimer.ee\/et\/wp-json\/wp\/v2\/comments?post=11560"}],"version-history":[{"count":4,"href":"https:\/\/stabimer.ee\/et\/wp-json\/wp\/v2\/pages\/11560\/revisions"}],"predecessor-version":[{"id":12006,"href":"https:\/\/stabimer.ee\/et\/wp-json\/wp\/v2\/pages\/11560\/revisions\/12006"}],"wp:attachment":[{"href":"https:\/\/stabimer.ee\/et\/wp-json\/wp\/v2\/media?parent=11560"}],"curies":[{"name":"wp","href":"https:\/\/api.w.org\/{rel}","templated":true}]}}